{"id":5542,"date":"2022-02-15T12:00:27","date_gmt":"2022-02-15T12:00:27","guid":{"rendered":"https:\/\/eligita.com\/?page_id=5542"},"modified":"2022-02-17T06:35:11","modified_gmt":"2022-02-17T06:35:11","slug":"privatumo-politika","status":"publish","type":"page","link":"https:\/\/eligita.com\/lt\/privatumo-politika\/","title":{"rendered":"Privatumo politika"},"content":{"rendered":"[vc_row type=&#8221;full_width_background&#8221; full_screen_row_position=&#8221;middle&#8221; column_margin=&#8221;default&#8221; equal_height=&#8221;yes&#8221; content_placement=&#8221;middle&#8221; column_direction=&#8221;default&#8221; column_direction_tablet=&#8221;default&#8221; column_direction_phone=&#8221;default&#8221; bg_color=&#8221;#ecf7ff&#8221; scene_position=&#8221;center&#8221; top_padding=&#8221;0%&#8221; bottom_padding=&#8221;4%&#8221; text_color=&#8221;dark&#8221; text_align=&#8221;left&#8221; row_border_radius=&#8221;none&#8221; row_border_radius_applies=&#8221;bg&#8221; overflow=&#8221;visible&#8221; id=&#8221;produkcija&#8221; row_name=&#8221;Produkcija&#8221; overlay_strength=&#8221;0.3&#8243; gradient_direction=&#8221;left_to_right&#8221; shape_divider_position=&#8221;bottom&#8221; bg_image_animation=&#8221;none&#8221; shape_type=&#8221;&#8221;][vc_column column_padding=&#8221;no-extra-padding&#8221; column_padding_tablet=&#8221;inherit&#8221; column_padding_phone=&#8221;inherit&#8221; column_padding_position=&#8221;all&#8221; column_element_spacing=&#8221;default&#8221; background_color_opacity=&#8221;1&#8243; background_hover_color_opacity=&#8221;1&#8243; column_shadow=&#8221;none&#8221; column_border_radius=&#8221;none&#8221; column_link_target=&#8221;_self&#8221; column_position=&#8221;default&#8221; gradient_direction=&#8221;left_to_right&#8221; overlay_strength=&#8221;0.3&#8243; width=&#8221;1\/1&#8243; tablet_width_inherit=&#8221;default&#8221; tablet_text_alignment=&#8221;default&#8221; phone_text_alignment=&#8221;default&#8221; animation_type=&#8221;default&#8221; bg_image_animation=&#8221;none&#8221; border_type=&#8221;simple&#8221; column_border_width=&#8221;none&#8221; column_border_style=&#8221;solid&#8221;][vc_row_inner equal_height=&#8221;yes&#8221; content_placement=&#8221;middle&#8221; column_margin=&#8221;default&#8221; column_direction=&#8221;default&#8221; column_direction_tablet=&#8221;default&#8221; column_direction_phone=&#8221;default&#8221; text_align=&#8221;left&#8221; row_position=&#8221;default&#8221; row_position_tablet=&#8221;inherit&#8221; row_position_phone=&#8221;inherit&#8221; overflow=&#8221;visible&#8221; pointer_events=&#8221;all&#8221; css=&#8221;.vc_custom_1623170410527{padding-top: 10% !important;}&#8221;][vc_column_inner column_padding=&#8221;no-extra-padding&#8221; column_padding_tablet=&#8221;inherit&#8221; column_padding_phone=&#8221;inherit&#8221; column_padding_position=&#8221;all&#8221; column_element_spacing=&#8221;default&#8221; background_color_opacity=&#8221;1&#8243; background_hover_color_opacity=&#8221;1&#8243; column_shadow=&#8221;none&#8221; column_border_radius=&#8221;none&#8221; column_link_target=&#8221;_self&#8221; gradient_direction=&#8221;left_to_right&#8221; overlay_strength=&#8221;0.3&#8243; width=&#8221;1\/2&#8243; tablet_width_inherit=&#8221;default&#8221; animation_type=&#8221;default&#8221; enable_animation=&#8221;true&#8221; animation=&#8221;fade-in-from-right&#8221; bg_image_animation=&#8221;none&#8221; border_type=&#8221;simple&#8221; column_border_width=&#8221;none&#8221; column_border_style=&#8221;solid&#8221; delay=&#8221;150&#8243;][nectar_gradient_text heading_tag=&#8221;h1&#8243; color=&#8221;extra-color-gradient-2&#8243; gradient_direction=&#8221;diagonal&#8221; text=&#8221;Asmens duomen\u0173 apsaugos politika&#8221;][\/vc_column_inner][vc_column_inner column_padding=&#8221;no-extra-padding&#8221; column_padding_tablet=&#8221;inherit&#8221; column_padding_phone=&#8221;inherit&#8221; column_padding_position=&#8221;all&#8221; column_element_spacing=&#8221;default&#8221; background_color_opacity=&#8221;1&#8243; background_hover_color_opacity=&#8221;1&#8243; column_shadow=&#8221;none&#8221; column_border_radius=&#8221;none&#8221; column_link_target=&#8221;_self&#8221; gradient_direction=&#8221;left_to_right&#8221; overlay_strength=&#8221;0.3&#8243; width=&#8221;1\/2&#8243; tablet_width_inherit=&#8221;default&#8221; animation_type=&#8221;default&#8221; bg_image_animation=&#8221;none&#8221; border_type=&#8221;simple&#8221; column_border_width=&#8221;none&#8221; column_border_style=&#8221;solid&#8221;][\/vc_column_inner][\/vc_row_inner][\/vc_column][\/vc_row][vc_row type=&#8221;full_width_background&#8221; full_screen_row_position=&#8221;middle&#8221; column_margin=&#8221;none&#8221; column_direction=&#8221;default&#8221; column_direction_tablet=&#8221;default&#8221; column_direction_phone=&#8221;default&#8221; bg_color=&#8221;#ffffff&#8221; scene_position=&#8221;center&#8221; top_padding=&#8221;2%&#8221; constrain_group_1=&#8221;yes&#8221; bottom_padding=&#8221;2%&#8221; text_color=&#8221;dark&#8221; text_align=&#8221;left&#8221; row_border_radius=&#8221;none&#8221; row_border_radius_applies=&#8221;bg&#8221; overflow=&#8221;visible&#8221; advanced_gradient_angle=&#8221;0&#8243; overlay_strength=&#8221;0.3&#8243; gradient_direction=&#8221;left_to_right&#8221; shape_divider_position=&#8221;bottom&#8221; bg_image_animation=&#8221;none&#8221; shape_type=&#8221;&#8221; gradient_type=&#8221;default&#8221;][vc_column column_padding=&#8221;no-extra-padding&#8221; column_padding_tablet=&#8221;inherit&#8221; column_padding_phone=&#8221;inherit&#8221; column_padding_position=&#8221;all&#8221; column_element_spacing=&#8221;default&#8221; background_color=&#8221;#ffffff&#8221; background_color_opacity=&#8221;1&#8243; background_hover_color_opacity=&#8221;1&#8243; column_shadow=&#8221;none&#8221; column_border_radius=&#8221;none&#8221; column_link_target=&#8221;_self&#8221; column_position=&#8221;default&#8221; gradient_direction=&#8221;left_to_right&#8221; overlay_strength=&#8221;0.3&#8243; width=&#8221;1\/1&#8243; tablet_width_inherit=&#8221;default&#8221; tablet_text_alignment=&#8221;default&#8221; phone_text_alignment=&#8221;default&#8221; animation_type=&#8221;default&#8221; bg_image_animation=&#8221;none&#8221; border_type=&#8221;simple&#8221; column_border_width=&#8221;none&#8221; column_border_style=&#8221;solid&#8221;][vc_column_text]UAB \u201eEligita\u201c (toliau \u2013 Eligita) r\u016bpinasi asmens duomen\u0173 apsauga ir privatumu. Eligita Asmens duomen\u0173 apsaugos politikos siekis &#8211; nubr\u0117\u017eti gaires bei \u012fpareigoti Eligita vadovyb\u0119 u\u017etikrinti tinkam\u0105 Bendrojo Europos S\u0105jungos (ES) duomen\u0173 apsaugos reglamento 2016\/679 nuostat\u0173, Lietuvos Respublikos asmens duomen\u0173 teisin\u0117s apsaugos \u012fstatymo, Lietuvos Respublikos Darbo kodekso bei kit\u0173 teis\u0117s akt\u0173 reikalavim\u0173 laikym\u0105si ir pagarb\u0105 asmens privatumui.<\/p>\n<p>Eligitos tikslas &#8211; teis\u0117tai, s\u0105\u017einingai, saugiai ir skaidriai tvarkyti darbuotoj\u0173 ir klient\u0173 asmens duomenis, u\u017etikrinti \u0161i\u0173 duomen\u0173 konfidencialum\u0105 pagal teis\u0117s akt\u0173 reikalavimus, tod\u0117l Eligita \u012fgyvendina tinkamas technines ir organizacines priemones siekiant apsaugoti Eligita darbuotoj\u0173, partneri\u0173 bei klient\u0173 asmens duomenis nuo neteis\u0117to j\u0173 sunaikinimo ir\/ar atsitiktinio pakeitimo, platinimo, atskleidimo ar nuo bet kokio kito neteis\u0117to j\u0173 naudojimo:<\/p>\n<ol>\n<li>Eligita renka ir kaupia priva\u010di\u0173 asmen\u0173 duomenis tik teis\u0117tai, tik b\u016btin\u0105ja apimtimi ir saugo ne ilgiau nei tai yra b\u016btina ir nustatyta teis\u0117s aktuose. Eligita vadovaujasi principu, kad su asmens duomenimis susijusi informacija, kuri n\u0117ra naudojama konkre\u010diam i\u0161 anksto nustatytam tikslui pasiekti, negali b\u016bti renkama ir kaupiama, o asmens duomenys saugomi ne ilgiau nei to reikalauja asmens duomen\u0173 tvarkymo tikslai. Eligita u\u017etikrina, kad \u012fmon\u0117je n\u0117ra tvarkomi pertekliniai asmens duomenys.<\/li>\n<li>Eligita asmens duomenis tvarko s\u0105\u017einingai. Eligita vadovaujasi tuo, kad tvarkomi asmens duomenys turi b\u016bti tiksl\u016bs ir prireikus atnaujinami, o pasen\u0119 ir netiksl\u016bs &#8211; nedelsiant i\u0161taisomi arba i\u0161trinami; tvarkant \u0161iuos asmens duomenis laikomasi konfidencialumo ir paslaptyje laikoma bet kokia su asmens duomenimis susijusi informacija, nebent tokia informacija b\u016bt\u0173 ar tapt\u0173 vie\u0161a pagal galiojan\u010di\u0173 teis\u0117s akt\u0173 nuostatas.<\/li>\n<li>Eligita partneri\u0173 ir klient\u0173 asmens duomenis tvarko tik tam, kad gal\u0117t\u0173 jiems pateikti geriausius komercinius sprendimus ir pasi\u016blymus bei tinkamai vykdyti su partneriais ir klientais sudarytas sutartis.<\/li>\n<li>Eligita \u012fmon\u0117s viduje turi pasitvirtinusi Asmens duomen\u0173 tvarkymo taisykles, kuriose yra reglamentuota, kokiais tikslais, kokia apimtimi bei kas renka, kaupia ir saugo Eligita darbuotoj\u0173, partneri\u0173 ir klient\u0173 asmens duomenis, bei \u012ftvirtinta, kokiomis organizacin\u0117mis bei technin\u0117mis priemon\u0117mis yra u\u017etikrinama \u0161i\u0173 asmens duomen\u0173 apsauga. Eligita darbuotojai yra privalomai informuojami apie \u012fmon\u0117s viduje patvirtintas Asmens duomen\u0173 tvarkymo taisykles bei turi galimybes nuolat su jomis susipa\u017einti.<\/li>\n<li>Eligita partneriai ir klientai turi galimyb\u0119 i\u0161reik\u0161ti savo sutikim\u0105 ar nesutikim\u0105 d\u0117l j\u0173 asmens duomen\u0173 naudojimo ir kaupimo bei pateikti pra\u0161ym\u0105 d\u0117l savo asmens duomen\u0173 i\u0161trynimo ar perk\u0117limo, i\u0161skyrus atvejus, kai tai trukdyt\u0173 Eligita ir Eligita partneri\u0173 bei klient\u0173 sutartini\u0173 \u012fsipareigojim\u0173 vykdymui. Taip pat Eligita partneriai ir klientai turi galimyb\u0119 para\u0161u ar elektronin\u0117mis priemon\u0117mis i\u0161reik\u0161ti savo sutikim\u0105 ar nesutikim\u0105 d\u0117l j\u0173 asmens duomen\u0173 naudojimo rinkodaros tikslais.<\/li>\n<li>Atsi\u017evelgiant \u012f tai, kad did\u017eioji dalis priva\u010di\u0173 Eligita darbuotoj\u0173, partneri\u0173 ir klient\u0173 asmens duomen\u0173 yra kaupiami ir saugomi elektroniniu b\u016bdu, Eligita vadovai u\u017etikrina, jog Eligita serveriuose, kompiuteriuose ar kitose laikmenose kaupiami ir saugomi priva\u010di\u0173 asmen\u0173 asmens duomenys b\u016bt\u0173 apsaugoti nuo virus\u0173 bei bandym\u0173 neleistinais b\u016bdais perimti, naudoti ar nutekinti asmens duomenis. Tuo pa\u010diu primintina, jog nors Eligita ir imasi vis\u0173 tinkam\u0173 veiksm\u0173 asmens duomenims apsaugoti, ta\u010diau n\u0117 viena svetain\u0117, internetu atliekama operacija, kompiuteri\u0173 sistema ar belaidis ry\u0161ys n\u0117ra ir negali b\u016bti visi\u0161kai saug\u016bs.<\/li>\n<li>Eligita tvarkomi darbuotoj\u0173, partneri\u0173 ir klient\u0173 asmens duomenys tretiesiems asmenims (duomen\u0173 gav\u0117jams) teikiami tik \u012fstatym\u0173 ir kit\u0173 teis\u0117s akt\u0173 nustatytais ir leistinais atvejais bei tvarka, esant asmens duomen\u0173 subjekto sutikimui arba esant kitokiam teis\u0117tam asmens duomen\u0173 teikimo pagrindui.<\/li>\n<li>Eligita yra paskyrusi asmenis, kurie yra atsakingi u\u017e tinkam\u0105 Bendrojo Europos S\u0105jungos duomen\u0173 apsaugos reglamento nuostat\u0173 taikym\u0105 \u012fmon\u0117je bei informuoja darbuotojus, \u012f k\u0105 \u0161ie gali kreiptis klausimais, susijusiais su Bendruoju Europos S\u0105jungos duomen\u0173 apsaugos reglamentu. Eligita u\u017etikrina, kad \u012fmon\u0117s darbuotojai ir kiti asmenys, kuriuos Eligita pasitelkia asmens duomen\u0173 tvarkymui, b\u016bt\u0173 \u012fsipareigoj\u0119 laikytis konfidencialumo ir duomen\u0173 saugumo u\u017etikrinimo reikalavim\u0173, atitinkan\u010di\u0173 teis\u0117s akt\u0173, susijusi\u0173 su asmens duomen\u0173 apsauga, nuostatas.<\/li>\n<\/ol>\n[\/vc_column_text][\/vc_column][\/vc_row][vc_row type=&#8221;in_container&#8221; full_screen_row_position=&#8221;middle&#8221; column_margin=&#8221;default&#8221; column_direction=&#8221;default&#8221; column_direction_tablet=&#8221;default&#8221; column_direction_phone=&#8221;default&#8221; scene_position=&#8221;center&#8221; text_color=&#8221;dark&#8221; text_align=&#8221;left&#8221; row_border_radius=&#8221;none&#8221; row_border_radius_applies=&#8221;bg&#8221; overflow=&#8221;visible&#8221; overlay_strength=&#8221;0.3&#8243; gradient_direction=&#8221;left_to_right&#8221; shape_divider_position=&#8221;bottom&#8221; bg_image_animation=&#8221;none&#8221;][vc_column column_padding=&#8221;no-extra-padding&#8221; column_padding_tablet=&#8221;inherit&#8221; column_padding_phone=&#8221;inherit&#8221; column_padding_position=&#8221;all&#8221; column_element_spacing=&#8221;default&#8221; background_color_opacity=&#8221;1&#8243; background_hover_color_opacity=&#8221;1&#8243; column_shadow=&#8221;none&#8221; column_border_radius=&#8221;none&#8221; column_link_target=&#8221;_self&#8221; column_position=&#8221;default&#8221; gradient_direction=&#8221;left_to_right&#8221; overlay_strength=&#8221;0.3&#8243; width=&#8221;1\/1&#8243; tablet_width_inherit=&#8221;default&#8221; tablet_text_alignment=&#8221;default&#8221; phone_text_alignment=&#8221;default&#8221; animation_type=&#8221;default&#8221; bg_image_animation=&#8221;none&#8221; border_type=&#8221;simple&#8221; column_border_width=&#8221;none&#8221; column_border_style=&#8221;solid&#8221;][nectar_global_section id=&#8221;5560&#8243;][\/vc_column][\/vc_row]\n","protected":false},"excerpt":{"rendered":"<p>[vc_row type=&#8221;full_width_background&#8221; full_screen_row_position=&#8221;middle&#8221; column_margin=&#8221;default&#8221; equal_height=&#8221;yes&#8221; content_placement=&#8221;middle&#8221; column_direction=&#8221;default&#8221; column_direction_tablet=&#8221;default&#8221; column_direction_phone=&#8221;default&#8221; bg_color=&#8221;#ecf7ff&#8221; scene_position=&#8221;center&#8221; top_padding=&#8221;0%&#8221; bottom_padding=&#8221;4%&#8221; text_color=&#8221;dark&#8221; text_align=&#8221;left&#8221; row_border_radius=&#8221;none&#8221; row_border_radius_applies=&#8221;bg&#8221; overflow=&#8221;visible&#8221; id=&#8221;produkcija&#8221; row_name=&#8221;Produkcija&#8221; overlay_strength=&#8221;0.3&#8243; gradient_direction=&#8221;left_to_right&#8221; shape_divider_position=&#8221;bottom&#8221; bg_image_animation=&#8221;none&#8221; shape_type=&#8221;&#8221;][vc_column column_padding=&#8221;no-extra-padding&#8221; column_padding_tablet=&#8221;inherit&#8221; column_padding_phone=&#8221;inherit&#8221; column_padding_position=&#8221;all&#8221; column_element_spacing=&#8221;default&#8221;&#8230;<\/p>\n","protected":false},"author":1,"featured_media":0,"parent":0,"menu_order":0,"comment_status":"closed","ping_status":"closed","template":"","meta":[],"yoast_head":"<!-- This site is optimized with the Yoast SEO plugin v20.2 - https:\/\/yoast.com\/wordpress\/plugins\/seo\/ -->\n<title>Privatumo politika - Eligita<\/title>\n<meta name=\"robots\" content=\"noindex, follow\" \/>\n<meta property=\"og:locale\" content=\"lt_LT\" \/>\n<meta property=\"og:type\" content=\"article\" \/>\n<meta property=\"og:title\" content=\"Privatumo politika - Eligita\" \/>\n<meta property=\"og:description\" content=\"[vc_row type=&#8221;full_width_background&#8221; full_screen_row_position=&#8221;middle&#8221; column_margin=&#8221;default&#8221; equal_height=&#8221;yes&#8221; content_placement=&#8221;middle&#8221; column_direction=&#8221;default&#8221; column_direction_tablet=&#8221;default&#8221; column_direction_phone=&#8221;default&#8221; bg_color=&#8221;#ecf7ff&#8221; scene_position=&#8221;center&#8221; top_padding=&#8221;0%&#8221; bottom_padding=&#8221;4%&#8221; text_color=&#8221;dark&#8221; text_align=&#8221;left&#8221; row_border_radius=&#8221;none&#8221; row_border_radius_applies=&#8221;bg&#8221; overflow=&#8221;visible&#8221; id=&#8221;produkcija&#8221; row_name=&#8221;Produkcija&#8221; overlay_strength=&#8221;0.3&#8243; gradient_direction=&#8221;left_to_right&#8221; shape_divider_position=&#8221;bottom&#8221; bg_image_animation=&#8221;none&#8221; shape_type=&#8221;&#8221;][vc_column column_padding=&#8221;no-extra-padding&#8221; column_padding_tablet=&#8221;inherit&#8221; column_padding_phone=&#8221;inherit&#8221; column_padding_position=&#8221;all&#8221; column_element_spacing=&#8221;default&#8221;...\" \/>\n<meta property=\"og:url\" content=\"https:\/\/eligita.com\/lt\/privatumo-politika\/\" \/>\n<meta property=\"og:site_name\" content=\"Eligita\" \/>\n<meta property=\"article:modified_time\" content=\"2022-02-17T06:35:11+00:00\" \/>\n<meta name=\"twitter:card\" content=\"summary_large_image\" \/>\n<meta name=\"twitter:label1\" content=\"Est. reading time\" \/>\n\t<meta name=\"twitter:data1\" content=\"7 minut\u0117s\" \/>\n<script type=\"application\/ld+json\" class=\"yoast-schema-graph\">{\"@context\":\"https:\/\/schema.org\",\"@graph\":[{\"@type\":\"WebPage\",\"@id\":\"https:\/\/eligita.com\/lt\/privatumo-politika\/\",\"url\":\"https:\/\/eligita.com\/lt\/privatumo-politika\/\",\"name\":\"Privatumo politika - Eligita\",\"isPartOf\":{\"@id\":\"https:\/\/eligita.com\/lt\/#website\"},\"datePublished\":\"2022-02-15T12:00:27+00:00\",\"dateModified\":\"2022-02-17T06:35:11+00:00\",\"breadcrumb\":{\"@id\":\"https:\/\/eligita.com\/lt\/privatumo-politika\/#breadcrumb\"},\"inLanguage\":\"lt-LT\",\"potentialAction\":[{\"@type\":\"ReadAction\",\"target\":[\"https:\/\/eligita.com\/lt\/privatumo-politika\/\"]}]},{\"@type\":\"BreadcrumbList\",\"@id\":\"https:\/\/eligita.com\/lt\/privatumo-politika\/#breadcrumb\",\"itemListElement\":[{\"@type\":\"ListItem\",\"position\":1,\"name\":\"Home\",\"item\":\"https:\/\/eligita.com\/lt\/\"},{\"@type\":\"ListItem\",\"position\":2,\"name\":\"Privatumo politika\"}]},{\"@type\":\"WebSite\",\"@id\":\"https:\/\/eligita.com\/lt\/#website\",\"url\":\"https:\/\/eligita.com\/lt\/\",\"name\":\"Eligita\",\"description\":\"Ingredients for your industry\",\"publisher\":{\"@id\":\"https:\/\/eligita.com\/lt\/#organization\"},\"potentialAction\":[{\"@type\":\"SearchAction\",\"target\":{\"@type\":\"EntryPoint\",\"urlTemplate\":\"https:\/\/eligita.com\/lt\/?s={search_term_string}\"},\"query-input\":\"required name=search_term_string\"}],\"inLanguage\":\"lt-LT\"},{\"@type\":\"Organization\",\"@id\":\"https:\/\/eligita.com\/lt\/#organization\",\"name\":\"UAB \\\"Eligita\\\"\",\"url\":\"https:\/\/eligita.com\/lt\/\",\"logo\":{\"@type\":\"ImageObject\",\"inLanguage\":\"lt-LT\",\"@id\":\"https:\/\/eligita.com\/lt\/#\/schema\/logo\/image\/\",\"url\":\"https:\/\/eligita.com\/wp-content\/uploads\/2021\/01\/logo.png\",\"contentUrl\":\"https:\/\/eligita.com\/wp-content\/uploads\/2021\/01\/logo.png\",\"width\":288,\"height\":106,\"caption\":\"UAB \\\"Eligita\\\"\"},\"image\":{\"@id\":\"https:\/\/eligita.com\/lt\/#\/schema\/logo\/image\/\"}}]}<\/script>\n<!-- \/ Yoast SEO plugin. -->","yoast_head_json":{"title":"Privatumo politika - Eligita","robots":{"index":"noindex","follow":"follow"},"og_locale":"lt_LT","og_type":"article","og_title":"Privatumo politika - Eligita","og_description":"[vc_row type=&#8221;full_width_background&#8221; full_screen_row_position=&#8221;middle&#8221; column_margin=&#8221;default&#8221; equal_height=&#8221;yes&#8221; content_placement=&#8221;middle&#8221; column_direction=&#8221;default&#8221; column_direction_tablet=&#8221;default&#8221; column_direction_phone=&#8221;default&#8221; bg_color=&#8221;#ecf7ff&#8221; scene_position=&#8221;center&#8221; top_padding=&#8221;0%&#8221; bottom_padding=&#8221;4%&#8221; text_color=&#8221;dark&#8221; text_align=&#8221;left&#8221; row_border_radius=&#8221;none&#8221; row_border_radius_applies=&#8221;bg&#8221; overflow=&#8221;visible&#8221; id=&#8221;produkcija&#8221; row_name=&#8221;Produkcija&#8221; overlay_strength=&#8221;0.3&#8243; gradient_direction=&#8221;left_to_right&#8221; shape_divider_position=&#8221;bottom&#8221; bg_image_animation=&#8221;none&#8221; shape_type=&#8221;&#8221;][vc_column column_padding=&#8221;no-extra-padding&#8221; column_padding_tablet=&#8221;inherit&#8221; column_padding_phone=&#8221;inherit&#8221; column_padding_position=&#8221;all&#8221; column_element_spacing=&#8221;default&#8221;...","og_url":"https:\/\/eligita.com\/lt\/privatumo-politika\/","og_site_name":"Eligita","article_modified_time":"2022-02-17T06:35:11+00:00","twitter_card":"summary_large_image","twitter_misc":{"Est. reading time":"7 minut\u0117s"},"schema":{"@context":"https:\/\/schema.org","@graph":[{"@type":"WebPage","@id":"https:\/\/eligita.com\/lt\/privatumo-politika\/","url":"https:\/\/eligita.com\/lt\/privatumo-politika\/","name":"Privatumo politika - Eligita","isPartOf":{"@id":"https:\/\/eligita.com\/lt\/#website"},"datePublished":"2022-02-15T12:00:27+00:00","dateModified":"2022-02-17T06:35:11+00:00","breadcrumb":{"@id":"https:\/\/eligita.com\/lt\/privatumo-politika\/#breadcrumb"},"inLanguage":"lt-LT","potentialAction":[{"@type":"ReadAction","target":["https:\/\/eligita.com\/lt\/privatumo-politika\/"]}]},{"@type":"BreadcrumbList","@id":"https:\/\/eligita.com\/lt\/privatumo-politika\/#breadcrumb","itemListElement":[{"@type":"ListItem","position":1,"name":"Home","item":"https:\/\/eligita.com\/lt\/"},{"@type":"ListItem","position":2,"name":"Privatumo politika"}]},{"@type":"WebSite","@id":"https:\/\/eligita.com\/lt\/#website","url":"https:\/\/eligita.com\/lt\/","name":"Eligita","description":"Ingredients for your industry","publisher":{"@id":"https:\/\/eligita.com\/lt\/#organization"},"potentialAction":[{"@type":"SearchAction","target":{"@type":"EntryPoint","urlTemplate":"https:\/\/eligita.com\/lt\/?s={search_term_string}"},"query-input":"required name=search_term_string"}],"inLanguage":"lt-LT"},{"@type":"Organization","@id":"https:\/\/eligita.com\/lt\/#organization","name":"UAB \"Eligita\"","url":"https:\/\/eligita.com\/lt\/","logo":{"@type":"ImageObject","inLanguage":"lt-LT","@id":"https:\/\/eligita.com\/lt\/#\/schema\/logo\/image\/","url":"https:\/\/eligita.com\/wp-content\/uploads\/2021\/01\/logo.png","contentUrl":"https:\/\/eligita.com\/wp-content\/uploads\/2021\/01\/logo.png","width":288,"height":106,"caption":"UAB \"Eligita\""},"image":{"@id":"https:\/\/eligita.com\/lt\/#\/schema\/logo\/image\/"}}]}},"_links":{"self":[{"href":"https:\/\/eligita.com\/lt\/wp-json\/wp\/v2\/pages\/5542"}],"collection":[{"href":"https:\/\/eligita.com\/lt\/wp-json\/wp\/v2\/pages"}],"about":[{"href":"https:\/\/eligita.com\/lt\/wp-json\/wp\/v2\/types\/page"}],"author":[{"embeddable":true,"href":"https:\/\/eligita.com\/lt\/wp-json\/wp\/v2\/users\/1"}],"replies":[{"embeddable":true,"href":"https:\/\/eligita.com\/lt\/wp-json\/wp\/v2\/comments?post=5542"}],"version-history":[{"count":2,"href":"https:\/\/eligita.com\/lt\/wp-json\/wp\/v2\/pages\/5542\/revisions"}],"predecessor-version":[{"id":5563,"href":"https:\/\/eligita.com\/lt\/wp-json\/wp\/v2\/pages\/5542\/revisions\/5563"}],"wp:attachment":[{"href":"https:\/\/eligita.com\/lt\/wp-json\/wp\/v2\/media?parent=5542"}],"curies":[{"name":"wp","href":"https:\/\/api.w.org\/{rel}","templated":true}]}}